{"id":3,"date":"2020-07-31T09:04:41","date_gmt":"2020-07-31T09:04:41","guid":{"rendered":"https:\/\/kiezbiografien.de\/archiv\/?page_id=3"},"modified":"2020-08-01T20:10:40","modified_gmt":"2020-08-01T18:10:40","slug":"datenschutzerklaerung","status":"publish","type":"page","link":"https:\/\/kiezbiografien.de\/archiv\/datenschutzerklaerung\/","title":{"rendered":"Datenschutz"},"content":{"rendered":"\n<h3 class=\"wp-block-heading\">Wer wir sind<\/h3>\n\n\n\n<p>Die Internetadresse zu diesem Podcast lautet: <a rel=\"noreferrer noopener\" href=\"https:\/\/kiezbiografien.de\/\" target=\"_blank\">https:\/\/kiezbiografien.de\/<\/a><\/p>\n\n\n\n<h4 class=\"wp-block-heading\">Welche pers\u00f6nlichen Daten ggf. gesammelt werden:<\/h4>\n\n\n\n<h4 class=\"wp-block-heading\">Kommentare<\/h4>\n\n\n\n<p>HINWEIS: Die Kommentarfunktion ist derzeit deaktiviert.<\/p>\n\n\n\n<h4 class=\"wp-block-heading\">Medien<\/h4>\n\n\n\n<p>Wenn Sie Bilder auf die Website hochladen, sollten Sie das Hochladen von Bildern mit eingebetteten Standortdaten (EXIF GPS) vermeiden. Besucher der Website k\u00f6nnen sonst beliebige Standortdaten von Bildern auf der Website herunterladen und extrahieren.<\/p>\n\n\n\n<h4 class=\"wp-block-heading\">Kontaktformulare<\/h4>\n\n\n\n<p>Es ist kein Kontaktformular installiert. Bitte benutzen Sie E-Mail oder Twitter, um mit uns in Kontakt zu treten.<\/p>\n\n\n\n<h4 class=\"wp-block-heading\">Cookies<\/h4>\n\n\n\n<p>HINWEIS: Die Kommentarfunktion ist derzeit deaktiviert.<\/p>\n\n\n\n<p><s>Wenn Sie einen Kommentar auf unserer Website hinterlassen, k\u00f6nnen Sie sich daf\u00fcr entscheiden, Ihren Namen, Ihre E-Mail-Adresse und Ihre Website in Cookies zu speichern. Diese dienen Ihrer Bequemlichkeit, so dass Sie Ihre Angaben nicht erneut ausf\u00fcllen m\u00fcssen, wenn Sie einen weiteren Kommentar hinterlassen. Diese Cookies sind ein Jahr lang g\u00fcltig.<\/s><\/p>\n\n\n\n<p>Wenn Sie unsere Login-Seite besuchen, setzen wir ein tempor\u00e4res Cookie, um festzustellen, ob Ihr Browser Cookies akzeptiert. Dieses Cookie enth\u00e4lt keine pers\u00f6nlichen Daten und wird verworfen, wenn Sie Ihren Browser schlie\u00dfen.<\/p>\n\n\n\n<p>Wenn Sie sich einloggen, richten wir auch mehrere Cookies ein, um Ihre Login-Daten und Ihre Bildschirmanzeigeauswahl zu speichern. Login-Cookies halten zwei Tage und Cookies f\u00fcr Bildschirmoptionen ein Jahr lang. Wenn Sie &#8222;Remember Me&#8220; w\u00e4hlen, bleibt Ihr Login zwei Wochen lang bestehen. Wenn Sie sich von Ihrem Konto abmelden, werden die Login-Cookies entfernt.<\/p>\n\n\n\n<h4 class=\"wp-block-heading\">Eingebettete Inhalte von anderen Websites<\/h4>\n\n\n\n<p>Artikel auf dieser Website k\u00f6nnen eingebettete Inhalte (z.B. Videos, Bilder, Artikel, Internetlinks usw.) enthalten. Eingebettete Inhalte von anderen Websites verhalten sich genau so, als ob der Besucher die andere Website besucht h\u00e4tte.<\/p>\n\n\n\n<p>Diese Websites k\u00f6nnen Daten \u00fcber Sie sammeln, Cookies verwenden, zus\u00e4tzliche Nachverfolgung durch Dritte einbetten und Ihre Interaktion mit diesem eingebetteten Inhalt \u00fcberwachen, einschlie\u00dflich der Nachverfolgung Ihrer Interaktion mit dem eingebetteten Inhalt, wenn Sie ein Konto haben und auf dieser Website eingeloggt sind.<\/p>\n\n\n\n<h4 class=\"wp-block-heading\">Zum Thema &#8222;Nutzer-Analysen&#8220;:<\/h4>\n\n\n\n<h4 class=\"wp-block-heading\">Podlove<\/h4>\n\n\n\n<p>Sowohl <strong>Podlove Subscribe Button<\/strong> als auch <strong>Podlove Web Player<\/strong> werden von <a href=\"https:\/\/www.keycdn.com\">keycdn.com<\/a> (<a href=\"https:\/\/www.keycdn.com\/gdpr\">keycdn GDPR-Stellungnahme<\/a>) ausgeliefert.<\/p>\n\n\n\n<p>Podlove Publisher erfasst Downloadstatistiken. IP-Adressen werden benutzt, um die geographische Verortung zu sch\u00e4tzen (Stadt \/ Land).<\/p>\n\n\n\n<p>IP-Adressen werden kurzzeitig (bis zu 48 Stunden) als Teil einer Request-ID gespeichert. Das ist notwendig, damit der\/die Podcast-Betreiber\/in die Tragf\u00e4higkeit seiner\/ihrer Bem\u00fchungen nachvollziehen kann.<\/p>\n\n\n\n<p>Um realistische Downloadzahlen zu ermitteln, muss das System erneuten Zugriff auf die gleiche Datei vom selben Nutzer erkennen k\u00f6nnen. Der einzige verl\u00e4ssliche Weg, dies zu erreichen, ist, die IP-Adresse zusammen mit dem User-Agent zu betrachten. Eine anonymisierte IP-Adresse zu benutzen ist nicht m\u00f6glich, da dies zu falschen Ergebnissen f\u00fchren w\u00fcrde. Ein Zugriff auf die gleiche Datei vom selben Nutzer an verschiedenen Tagen kann als separater Download betrachtet werden. Darum gen\u00fcgt es, IP-Adressen lediglich f\u00fcr bis zu 48 Stunden vorzuhalten.<\/p>\n\n\n\n<p>Nach 48 Stunden werden Request-IDs anonymisiert. Dadurch ist es unm\u00f6glich, die urspr\u00fcnglich enthaltene IP-Adresse wiederherzustellen.<\/p>\n\n\n\n<p>Der User-Agent des genutzten Browsers wird auch gespeichert.<\/p>\n\n\n\n<h4 class=\"wp-block-heading\">Mit wem wir Ihre Daten austauschen<\/h4>\n\n\n\n<p>Es werden keine Tools von Drittanbietern au\u00dfer Podlove (s. o.) f\u00fcr die Analyse verwendet und keine weiteren Daten mit weiteren Parteien ausgetauscht.<\/p>\n\n\n\n<h4 class=\"wp-block-heading\">Wie lange wir Ihre Daten aufbewahren<\/h4>\n\n\n\n<p>F\u00fcr Benutzer, die sich auf unserer Website registrieren (falls vorhanden), speichern wir die von ihnen angegebenen pers\u00f6nlichen Informationen auch in ihrem Benutzerprofil. Alle Benutzer k\u00f6nnen ihre pers\u00f6nlichen Informationen jederzeit einsehen, bearbeiten oder l\u00f6schen (au\u00dfer sie k\u00f6nnen ihren Benutzernamen nicht \u00e4ndern). Website-Administratoren k\u00f6nnen diese Informationen ebenfalls einsehen und bearbeiten.<\/p>\n\n\n\n<h4 class=\"wp-block-heading\">Welche Rechte Sie an Ihren Daten haben<\/h4>\n\n\n\n<p>Wenn Sie ein Konto auf dieser Website haben oder Kommentare hinterlassen haben, k\u00f6nnen Sie eine exportierte Datei der pers\u00f6nlichen Daten anfordern, die wir \u00fcber Sie gespeichert haben, einschlie\u00dflich aller Daten, die Sie uns zur Verf\u00fcgung gestellt haben. Sie k\u00f6nnen auch verlangen, dass wir alle pers\u00f6nlichen Daten, die wir \u00fcber Sie gespeichert haben, l\u00f6schen. Dies schlie\u00dft keine Daten ein, die wir aus administrativen, rechtlichen oder Sicherheitszwecken aufbewahren m\u00fcssen.<\/p>\n\n\n\n<h4 class=\"wp-block-heading\">Wohin wir Ihre Daten senden<\/h4>\n\n\n\n<p>HINWEIS: Die Kommentarfunktion ist derzeit deaktiviert.<\/p>\n\n\n\n<p><s>Kommentare von Besuchern k\u00f6nnen durch einen automatischen Spam-Erkennungsdienst \u00fcberpr\u00fcft werden.<\/s><\/p>\n\n\n\n<h4 class=\"wp-block-heading\">Kontakt<\/h4>\n\n\n\n<p>Email: bonneberg[at]kiezbiografien[dot]de <br><br>\n\t\t\t<script>\n\t\t\t\tpodcastData1 = {\"title\":\"Kiezbiografien\",\"subtitle\":\"... irgendwo zwischen Podcast, Biografiearbeit und Oral History\",\"description\":\"Die \\u201eKiezbiografien\\u201c: Ein Projekt, dass ich 2011 als Podcast gestartet habe.\\r\\n\\r\\nDie Idee dahinter ist von Anfang an gewesen, Menschen aus meinem pers\\u00f6nlichen Umfeld zu interviewen. Menschen, die etwas machen oder sich mit etwas besch\\u00e4ftigen, was ich interessant oder spannend fand.\\r\\n\\r\\nDas k\\u00f6nnen Freunde sein, Arbeitskollegen oder auch Menschen, die ein eigenes Gesch\\u00e4ft in meinem Kiez betreiben.\\r\\n\\r\\nDie Kiezbiografien sind also irgendwo zwischen Podcast, Biografiearbeit und \\u201eOral History\\u201c einzuordnen.\\r\\n\\r\\nWer nach dem H\\u00f6ren einer Folge der \\u201eKiezbiografien\\u201c die Projekte googeln m\\u00f6chte, der k\\u00f6nnte Pech haben. Denn einige der Projekte oder auch der L\\u00e4den, die meine Gespr\\u00e4chspartner gemacht haben, wurden mittlerweile schon wieder aufgegeben oder haben sich aufgel\\u00f6st. Die Kiezbiografien sind somit eine Art \\u201ehistorisches Blitzlicht\\u201c.\\r\\n\\r\\nAber auch wenn meine Interviewpartner mittlerweile das, wor\\u00fcber wir uns in diesen Gespr\\u00e4chen ausgetauscht haben, vielleicht nicht mehr machen, so ist es doch immer sch\\u00f6n zu sehen, wenn Menschen sich mit Begeisterung Dingen widmen, Ideen haben und diese Ideen mit Herzblut in ein Projekt oder gar in ein Lebensziel gie\\u00dfen.\\r\\n\\r\\nIch denke, solche Sachen \\u00e4ndern sich nie. Und genau das macht die Geschichten und ihre pers\\u00f6nlichen Erz\\u00e4hlungen \\u2013 zeitlos.\\r\\n\\r\\nVer\\u00f6ffentlicht unter Creative Commons\\r\\nAttribution-Noncommercial-No Derivative Works 3.0 Germany\",\"cover\":\"https:\\\/\\\/kiezbiografien.de\\\/archiv\\\/wp-content\\\/uploads\\\/2020\\\/07\\\/Kiezbiografien_3000x3000-scaled.jpg\",\"feeds\":[{\"type\":\"audio\",\"format\":\"mp3\",\"url\":\"https:\\\/\\\/kiezbiografien.de\\\/archiv\\\/feed\\\/mp3\",\"variant\":\"high\"}]}\n\t\t\t<\/script>\n\t\t\t<script\n\t\t\t\tclass=\"podlove-subscribe-button\"\n\t\t\t\tsrc=\"https:\/\/cdn.podlove.org\/subscribe-button\/javascripts\/app.js\" data-size=\"big\" data-style=\"outline\" data-format=\"rectangle\" data-color=\"#d16800\" data-json-data=\"podcastData1\" data-hide=\"\" data-language=\"de\" >\n\t\t\t<\/script>\n\t\t<\/p>\n","protected":false},"excerpt":{"rendered":"<p>Wer wir sind Die Internetadresse zu diesem Podcast lautet: https:\/\/kiezbiografien.de\/ Welche pers\u00f6nlichen Daten ggf. gesammelt werden: Kommentare HINWEIS: Die Kommentarfunktion ist derzeit deaktiviert. Medien Wenn Sie Bilder auf die Website hochladen, sollten Sie das Hochladen von Bildern mit eingebetteten Standortdaten (EXIF GPS) vermeiden. Besucher der Website k\u00f6nnen sonst beliebige Standortdaten von Bildern auf der Website [&hellip;]<\/p>\n","protected":false},"author":1,"featured_media":0,"parent":0,"menu_order":0,"comment_status":"closed","ping_status":"open","template":"templates\/template-full-width.php","meta":{"footnotes":""},"class_list":["post-3","page","type-page","status-publish","hentry"],"_links":{"self":[{"href":"https:\/\/kiezbiografien.de\/archiv\/wp-json\/wp\/v2\/pages\/3","targetHints":{"allow":["GET"]}}],"collection":[{"href":"https:\/\/kiezbiografien.de\/archiv\/wp-json\/wp\/v2\/pages"}],"about":[{"href":"https:\/\/kiezbiografien.de\/archiv\/wp-json\/wp\/v2\/types\/page"}],"author":[{"embeddable":true,"href":"https:\/\/kiezbiografien.de\/archiv\/wp-json\/wp\/v2\/users\/1"}],"replies":[{"embeddable":true,"href":"https:\/\/kiezbiografien.de\/archiv\/wp-json\/wp\/v2\/comments?post=3"}],"version-history":[{"count":15,"href":"https:\/\/kiezbiografien.de\/archiv\/wp-json\/wp\/v2\/pages\/3\/revisions"}],"predecessor-version":[{"id":189,"href":"https:\/\/kiezbiografien.de\/archiv\/wp-json\/wp\/v2\/pages\/3\/revisions\/189"}],"wp:attachment":[{"href":"https:\/\/kiezbiografien.de\/archiv\/wp-json\/wp\/v2\/media?parent=3"}],"curies":[{"name":"wp","href":"https:\/\/api.w.org\/{rel}","templated":true}]}}