{"id":97,"date":"2020-07-31T21:26:15","date_gmt":"2020-07-31T19:26:15","guid":{"rendered":"https:\/\/kiezbiografien.de\/archiv\/?page_id=97"},"modified":"2021-03-23T11:53:18","modified_gmt":"2021-03-23T10:53:18","slug":"about","status":"publish","type":"page","link":"https:\/\/kiezbiografien.de\/archiv\/about\/","title":{"rendered":"\u00dcber diesen Podcast"},"content":{"rendered":"\n<p>Die \u201eKiezbiografien\u201c: Ein Projekt, dass ich 2011 als Podcast gestartet habe.<\/p>\n\n\n\n<p>Die Idee dahinter ist von Anfang an gewesen, Menschen aus meinem pers\u00f6nlichen Umfeld zu interviewen. Menschen, die etwas machen oder sich mit etwas besch\u00e4ftigen, was ich interessant oder spannend finde.<\/p>\n\n\n\n<p>Das k\u00f6nnen Freunde sein, Arbeitskollegen oder auch Menschen, die ein eigenes Gesch\u00e4ft in meinem Kiez betreiben.<\/p>\n\n\n\n<p>Die Kiezbiografien sind also irgendwo zwischen Podcast, Biografiearbeit und \u201eOral History\u201c einzuordnen.<\/p>\n\n\n\n<p>Wer nach dem H\u00f6ren einer Folge der \u201eKiezbiografien\u201c die Projekte googeln m\u00f6chte, der k\u00f6nnte Pech haben. Denn einige der Projekte oder auch der L\u00e4den, die meine Gespr\u00e4chspartner gemacht haben, wurden mittlerweile schon wieder aufgegeben oder haben sich aufgel\u00f6st. Die Kiezbiografien sind somit eine Art \u201ehistorisches Blitzlicht\u201c.<\/p>\n\n\n\n<p>Aber auch wenn meine Interviewpartner mittlerweile das, wor\u00fcber wir uns in diesen Gespr\u00e4chen ausgetauscht haben, vielleicht nicht mehr machen, so ist es doch immer sch\u00f6n zu sehen, wenn Menschen sich mit Begeisterung Dingen widmen, Ideen haben und diese Ideen mit Herzblut in ein Projekt oder gar in ein Lebensziel gie\u00dfen.<\/p>\n\n\n\n<p>Ich denke, solche Sachen \u00e4ndern sich nie. Und genau das macht die Geschichten und ihre pers\u00f6nlichen Erz\u00e4hlungen \u2013 zeitlos.<\/p>\n\n\n\n<p class=\"has-text-align-left\">Ver\u00f6ffentlicht unter Creative Commons<br><a rel=\"noreferrer noopener\" href=\"http:\/\/creativecommons.org\/licenses\/by-nc-nd\/3.0\/de\/\" target=\"_blank\">Attribution-Noncommercial-No Derivative Works 3.0 Germany<\/a> <br><br>\n<script>window.podcastDatadfe55acd601443 = {\"title\":\"Kiezbiografien\",\"subtitle\":\"... irgendwo zwischen Podcast, Biografiearbeit und Oral History\",\"description\":\"Die \\u201eKiezbiografien\\u201c: Ein Projekt, dass ich 2011 als Podcast gestartet habe.\\r\\n\\r\\nDie Idee dahinter ist von Anfang an gewesen, Menschen aus meinem pers\\u00f6nlichen Umfeld zu interviewen. Menschen, die etwas machen oder sich mit etwas besch\\u00e4ftigen, was ich interessant oder spannend finde.\\r\\n\\r\\nDas k\\u00f6nnen Freunde sein, Arbeitskollegen oder auch Menschen, die ein eigenes Gesch\\u00e4ft in meinem Kiez betreiben.\\r\\n\\r\\nDie Kiezbiografien sind also irgendwo zwischen Podcast, Biografiearbeit und \\u201eOral History\\u201c einzuordnen.\\r\\n\\r\\nWer nach dem H\\u00f6ren einer Folge der \\u201eKiezbiografien\\u201c die Projekte googeln m\\u00f6chte, der k\\u00f6nnte Pech haben. Denn einige der Projekte oder auch der L\\u00e4den, die meine Gespr\\u00e4chspartner gemacht haben, wurden mittlerweile schon wieder aufgegeben oder haben sich aufgel\\u00f6st. Die Kiezbiografien sind somit eine Art \\u201ehistorisches Blitzlicht\\u201c.\\r\\n\\r\\nAber auch wenn meine Interviewpartner mittlerweile das, wor\\u00fcber wir uns in diesen Gespr\\u00e4chen ausgetauscht haben, vielleicht nicht mehr machen, so ist es doch immer sch\\u00f6n zu sehen, wenn Menschen sich mit Begeisterung Dingen widmen, Ideen haben und diese Ideen mit Herzblut in ein Projekt oder gar in ein Lebensziel gie\\u00dfen.\\r\\n\\r\\nIch denke, solche Sachen \\u00e4ndern sich nie. Und genau das macht die Geschichten und ihre pers\\u00f6nlichen Erz\\u00e4hlungen \\u2013 zeitlos.\\r\\n\\r\\nVer\\u00f6ffentlicht unter Creative Commons\\r\\nAttribution-Noncommercial-No Derivative Works 3.0 Germany\",\"cover\":\"https:\\\/\\\/kiezbiografien.de\\\/archiv\\\/podlove\\\/image\\\/68747470733a2f2f6b69657a62696f6772616669656e2e64652f6172636869762f77702d636f6e74656e742f75706c6f6164732f323032302f30372f4b69657a62696f6772616669656e5f3330303078333030302d7363616c65642e6a7067\\\/400\\\/0\\\/0\\\/kiezbiografien\",\"feeds\":[{\"type\":\"audio\",\"format\":\"mp3\",\"url\":\"https:\\\/\\\/kiezbiografien.de\\\/archiv\\\/feed\\\/mp3\\\/\",\"variant\":\"high\"}]};<\/script>\n<script class=\"podlove-subscribe-button\" src=\"https:\/\/kiezbiografien.de\/archiv\/wp-content\/plugins\/podlove-podcasting-plugin-for-wordpress\/lib\/modules\/subscribe_button\/dist\/javascripts\/app.js\" data-json-data=\"podcastDatadfe55acd601443\" data-language=\"de\" data-size=\"big\" data-format=\"rectangle\" data-style=\"outline\" data-color=\"d16800\"> <\/script>\n<\/p>\n\n\n\n<p><sub>erstellt mit:<\/sub><br><a rel=\"noreferrer noopener\" href=\"https:\/\/www.reaper.fm\/\" data-type=\"URL\" data-id=\"https:\/\/www.reaper.fm\/\" target=\"_blank\"><img loading=\"lazy\" decoding=\"async\" width=\"150\" height=\"50\" class=\"wp-image-352\" style=\"width: 150px;\" src=\"https:\/\/kiezbiografien.de\/archiv\/wp-content\/uploads\/2021\/02\/Reaper270x90.png\" alt=\"Reaper_Logo\"><\/a><a href=\"https:\/\/ultraschall.fm\/\" data-type=\"URL\" data-id=\"https:\/\/ultraschall.fm\/\" target=\"_blank\" rel=\"noreferrer noopener\"><img loading=\"lazy\" decoding=\"async\" width=\"150\" height=\"44\" class=\"wp-image-371\" style=\"width: 150px;\" src=\"https:\/\/kiezbiografien.de\/archiv\/wp-content\/uploads\/2021\/03\/Ultraschall-Badge-400px.png\" alt=\"Logo Ultraschall 5\" srcset=\"https:\/\/kiezbiografien.de\/archiv\/wp-content\/uploads\/2021\/03\/Ultraschall-Badge-400px.png 400w, https:\/\/kiezbiografien.de\/archiv\/wp-content\/uploads\/2021\/03\/Ultraschall-Badge-400px-300x87.png 300w\" sizes=\"auto, (max-width: 150px) 100vw, 150px\" \/><\/a><a rel=\"noreferrer noopener\" href=\"https:\/\/www.izotope.com\/\" data-type=\"URL\" data-id=\"https:\/\/www.izotope.com\/\" target=\"_blank\"><img loading=\"lazy\" decoding=\"async\" width=\"150\" height=\"68\" class=\"wp-image-354\" style=\"width: 150px;\" src=\"https:\/\/kiezbiografien.de\/archiv\/wp-content\/uploads\/2021\/02\/iZotope_200x90.png\" alt=\"iZotope_Logo\"><\/a><\/p>\n","protected":false},"excerpt":{"rendered":"<p>Die \u201eKiezbiografien\u201c: Ein Projekt, dass ich 2011 als Podcast gestartet habe. Die Idee dahinter ist von Anfang an gewesen, Menschen aus meinem pers\u00f6nlichen Umfeld zu interviewen. Menschen, die etwas machen oder sich mit etwas besch\u00e4ftigen, was ich interessant oder spannend finde. Das k\u00f6nnen Freunde sein, Arbeitskollegen oder auch Menschen, die ein eigenes Gesch\u00e4ft in meinem [&hellip;]<\/p>\n","protected":false},"author":1,"featured_media":0,"parent":0,"menu_order":0,"comment_status":"closed","ping_status":"closed","template":"templates\/template-full-width.php","meta":{"footnotes":""},"class_list":["post-97","page","type-page","status-publish","hentry"],"_links":{"self":[{"href":"https:\/\/kiezbiografien.de\/archiv\/wp-json\/wp\/v2\/pages\/97","targetHints":{"allow":["GET"]}}],"collection":[{"href":"https:\/\/kiezbiografien.de\/archiv\/wp-json\/wp\/v2\/pages"}],"about":[{"href":"https:\/\/kiezbiografien.de\/archiv\/wp-json\/wp\/v2\/types\/page"}],"author":[{"embeddable":true,"href":"https:\/\/kiezbiografien.de\/archiv\/wp-json\/wp\/v2\/users\/1"}],"replies":[{"embeddable":true,"href":"https:\/\/kiezbiografien.de\/archiv\/wp-json\/wp\/v2\/comments?post=97"}],"version-history":[{"count":18,"href":"https:\/\/kiezbiografien.de\/archiv\/wp-json\/wp\/v2\/pages\/97\/revisions"}],"predecessor-version":[{"id":374,"href":"https:\/\/kiezbiografien.de\/archiv\/wp-json\/wp\/v2\/pages\/97\/revisions\/374"}],"wp:attachment":[{"href":"https:\/\/kiezbiografien.de\/archiv\/wp-json\/wp\/v2\/media?parent=97"}],"curies":[{"name":"wp","href":"https:\/\/api.w.org\/{rel}","templated":true}]}}